{"id":2308,"date":"2025-05-23T13:37:29","date_gmt":"2025-05-23T13:37:29","guid":{"rendered":"https:\/\/smartphone.applize.io\/?page_id=2308"},"modified":"2025-05-23T14:35:11","modified_gmt":"2025-05-23T14:35:11","slug":"mentions-legales","status":"publish","type":"page","link":"https:\/\/smartphone.applize.io\/?page_id=2308","title":{"rendered":"Mentions l\u00e9gales"},"content":{"rendered":"<div class=\"wpb-content-wrapper\"><p>[vc_section section_type=&#8221;hero&#8221; hero_type=&#8221;1&#8243; parallax_image_attachment=&#8221;scroll&#8221; padding_class=&#8221;&#8221; css=&#8221;.vc_custom_1747922541232{background-color: #FFFFFF !important;border-color: #FFFFFF !important;}&#8221;][vc_row full_width=&#8221;stretch_row_content&#8221; bg_class=&#8221;bg-lightdark&#8221; parallax_image_attachment=&#8221;inherit&#8221; awb_type=&#8221;color&#8221; awb_stretch=&#8221;1&#8243; awb_color=&#8221;#FFFFFF&#8221; css=&#8221;.vc_custom_1747842120825{background-color: #FFFFFF !important;border-color: #FFFFFF !important;}&#8221;][vc_column css=&#8221;.vc_custom_1747842036406{background-color: #FFFFFF !important;border-color: #FFFFFF !important;}&#8221;]\r\n        <div class=\"vc_custom_1748010329729  wow perch-fadeInUp fadeInUp text-center\" data-wow-delay=\"300ms\" data-wow-duration=\"1200ms\"> \r\n        <img decoding=\"async\" class=\"vc_single_image-img img-fluid\"  src=\"https:\/\/smartphone.applize.io\/wp-content\/uploads\/2025\/05\/SavSmartphoneMentionsLegales.jpg\" alt=\"External image\" \/>\r\n        <\/div>[\/vc_column][\/vc_row][\/vc_section][vc_row][vc_column]\r\n        <div class=\" wow perch-fadeInUp fadeInUp text-center\" data-wow-delay=\"300ms\" data-wow-duration=\"1200ms\"> \r\n                   \r\n                   \r\n            <h2 class=\"h2-sm os-version\">Mentions l\u00e9gales<\/h2>\r\n                     \r\n        <\/div>[vc_column_text css=&#8221;.vc_custom_1748010904080{padding-left: 200px !important;}&#8221;]<\/p>\n<p data-start=\"174\" data-end=\"270\"><strong data-start=\"174\" data-end=\"193\">\u00c9diteur du site<\/strong><br data-start=\"193\" data-end=\"196\" \/><span class=\"relative -mx-px my-[-0.2rem] rounded px-px py-[0.2rem] transition-colors duration-100 ease-in-out\">Le pr\u00e9sent site est \u00e9dit\u00e9 par la soci\u00e9t\u00e9 SAV SMARTPHONE, soci\u00e9t\u00e9 par actions simplifi\u00e9e (SAS) au capital social de 4 000 \u20ac, immatricul\u00e9e au Registre du Commerce et des Soci\u00e9t\u00e9s de Paris sous le num\u00e9ro 828 001 891.<\/span><span class=\"\" data-state=\"closed\"><span class=\"ms-1 inline-flex max-w-full items-center relative top-[-0.094rem] animate-[show_150ms_ease-in]\"><a class=\"flex h-4.5 overflow-hidden rounded-xl px-2 text-[0.5625em] font-medium text-token-text-secondary! bg-[#F4F4F4]! dark:bg-[#303030]! transition-colors duration-150 ease-in-out\" href=\"https:\/\/www.pappers.fr\/entreprise\/sav-smartphone-828001891?utm_source=chatgpt.com\" target=\"_blank\" rel=\"noopener\"><span class=\"relative start-0 bottom-0 flex h-full w-full items-center\"><span class=\"flex h-4 w-full items-center justify-between overflow-hidden\"><span class=\"max-w-full grow truncate overflow-hidden text-center\">Pappers<\/span><\/span><\/span><\/a><\/span><\/span><\/p>\n<p data-start=\"272\" data-end=\"367\"><strong data-start=\"272\" data-end=\"288\">Si\u00e8ge social<\/strong><br data-start=\"288\" data-end=\"291\" \/><span class=\"relative -mx-px my-[-0.2rem] rounded px-px py-[0.2rem] transition-colors duration-100 ease-in-out\">39 boulevard Voltaire, 75011 Paris, France<\/span><span class=\"\" data-state=\"closed\"><span class=\"ms-1 inline-flex max-w-full items-center relative top-[-0.094rem] animate-[show_150ms_ease-in]\"><a class=\"flex h-4.5 overflow-hidden rounded-xl px-2 text-[0.5625em] font-medium text-token-text-secondary! bg-[#F4F4F4]! dark:bg-[#303030]! transition-colors duration-150 ease-in-out\" href=\"https:\/\/annuaire-entreprises.data.gouv.fr\/entreprise\/sav-smartphone-sav-smartphone-828001891?utm_source=chatgpt.com\" target=\"_blank\" rel=\"noopener\"><span class=\"relative start-0 bottom-0 flex h-full w-full items-center\"><span class=\"flex h-4 w-full items-center justify-between absolute\"><span class=\"max-w-full grow truncate overflow-hidden text-center\">Annuaire des entreprises<\/span><span class=\"-me-1 flex h-full items-center rounded-full px-1 text-[#8F8F8F]\">+2<\/span><\/span><span class=\"flex h-4 w-full items-center justify-between\"><span class=\"max-w-full grow truncate overflow-hidden text-center\">Annuaire des entreprises<\/span><span class=\"-me-1 flex h-full items-center rounded-full px-1 text-[#8F8F8F]\">+2<\/span><\/span><span class=\"flex h-4 w-full items-center justify-between absolute\"><span class=\"max-w-full grow truncate overflow-hidden text-center\">Pappers<\/span><span class=\"-me-1 flex h-full items-center rounded-full px-1 text-[#8F8F8F]\">+2<\/span><\/span><\/span><\/a><\/span><\/span><\/p>\n<p data-start=\"369\" data-end=\"486\"><strong data-start=\"369\" data-end=\"405\">Num\u00e9ro de TVA intracommunautaire<\/strong><br data-start=\"405\" data-end=\"408\" \/><span class=\"relative -mx-px my-[-0.2rem] rounded px-px py-[0.2rem] transition-colors duration-100 ease-in-out\">FR03828001891<\/span><span class=\"\" data-state=\"closed\"><span class=\"ms-1 inline-flex max-w-full items-center relative top-[-0.094rem] animate-[show_150ms_ease-in]\"><a class=\"flex h-4.5 overflow-hidden rounded-xl px-2 text-[0.5625em] font-medium text-token-text-secondary! bg-[#F4F4F4]! dark:bg-[#303030]! transition-colors duration-150 ease-in-out\" href=\"https:\/\/www.pappers.fr\/entreprise\/sav-smartphone-828001891?utm_source=chatgpt.com\" target=\"_blank\" rel=\"noopener\"><span class=\"relative start-0 bottom-0 flex h-full w-full items-center\"><span class=\"flex h-4 w-full items-center justify-between overflow-hidden\"><span class=\"max-w-full grow truncate overflow-hidden text-center\">Pappers<\/span><\/span><\/span><\/a><\/span><\/span><\/p>\n<p data-start=\"488\" data-end=\"592\"><strong data-start=\"488\" data-end=\"511\">Activit\u00e9 principale<\/strong><br data-start=\"511\" data-end=\"514\" \/><span class=\"relative -mx-px my-[-0.2rem] rounded px-px py-[0.2rem] transition-colors duration-100 ease-in-out\">Commerce de d\u00e9tail de mat\u00e9riels de t\u00e9l\u00e9communication en magasin sp\u00e9cialis\u00e9 (code NAF 47.42Z)<\/span><span class=\"ms-1 inline-flex max-w-full items-center relative top-[-0.094rem] animate-[show_150ms_ease-in]\"><a class=\"flex h-4.5 overflow-hidden rounded-xl px-2 text-[0.5625em] font-medium text-token-text-secondary! bg-[#F4F4F4]! dark:bg-[#303030]! transition-colors duration-150 ease-in-out\" href=\"https:\/\/www.pappers.fr\/entreprise\/sav-smartphone-828001891?utm_source=chatgpt.com\" target=\"_blank\" rel=\"noopener\"><span class=\"relative start-0 bottom-0 flex h-full w-full items-center\"><span class=\"flex h-4 w-full items-center justify-between\"><span class=\"max-w-full grow truncate overflow-hidden text-center\">Pappers<\/span><span class=\"-me-1 flex h-full items-center rounded-full px-1 text-[#8F8F8F]\">+1<\/span><\/span><span class=\"flex h-4 w-full items-center justify-between absolute\"><span class=\"max-w-full grow truncate overflow-hidden text-center\">Soci\u00e9t\u00e9.com<\/span><span class=\"-me-1 flex h-full items-center rounded-full px-1 text-[#8F8F8F]\">+1<\/span><\/span><\/span><\/a><\/span><\/p>\n<p data-start=\"594\" data-end=\"688\"><strong data-start=\"594\" data-end=\"607\">Dirigeant<\/strong><br data-start=\"607\" data-end=\"610\" \/><span class=\"relative -mx-px my-[-0.2rem] rounded px-px py-[0.2rem] transition-colors duration-100 ease-in-out\">Mimoun Saadouna<\/span><span class=\"\" data-state=\"closed\"><span class=\"ms-1 inline-flex max-w-full items-center relative top-[-0.094rem] animate-[show_150ms_ease-in]\"><a class=\"flex h-4.5 overflow-hidden rounded-xl px-2 text-[0.5625em] font-medium text-token-text-secondary! bg-[#F4F4F4]! dark:bg-[#303030]! transition-colors duration-150 ease-in-out\" href=\"https:\/\/www.pappers.fr\/entreprise\/sav-smartphone-828001891?utm_source=chatgpt.com\" target=\"_blank\" rel=\"noopener\"><span class=\"relative start-0 bottom-0 flex h-full w-full items-center\"><span class=\"flex h-4 w-full items-center justify-between overflow-hidden\"><span class=\"max-w-full grow truncate overflow-hidden text-center\">Pappers<\/span><\/span><\/span><\/a><\/span><\/span><\/p>\n<p data-start=\"690\" data-end=\"794\"><strong data-start=\"690\" data-end=\"713\">H\u00e9bergement du site<\/strong><br data-start=\"713\" data-end=\"716\" \/><span class=\"relative -mx-px my-[-0.2rem] rounded px-px py-[0.2rem] transition-colors duration-100 ease-in-out\">[\u00c0 compl\u00e9ter avec le nom, l&#8217;adresse et les coordonn\u00e9es de l&#8217;h\u00e9bergeur du site.]<\/span><\/p>\n<p data-start=\"796\" data-end=\"888\"><strong data-start=\"796\" data-end=\"807\">Contact<\/strong><br data-start=\"807\" data-end=\"810\" \/><span class=\"relative -mx-px my-[-0.2rem] rounded px-px py-[0.2rem] transition-colors duration-100 ease-in-out\">[\u00c0 compl\u00e9ter avec une adresse e-mail ou un formulaire de contact.]<\/span><\/p>\n<p data-start=\"890\" data-end=\"999\"><strong data-start=\"890\" data-end=\"918\">Propri\u00e9t\u00e9 intellectuelle<\/strong><br data-start=\"918\" data-end=\"921\" \/><span class=\"relative -mx-px my-[-0.2rem] rounded px-px py-[0.2rem] transition-colors duration-100 ease-in-out\">Tous les contenus pr\u00e9sents sur ce site (textes, images, logos, etc.) sont la propri\u00e9t\u00e9 exclusive de SAV SMARTPHONE, sauf mention contraire. Toute reproduction, distribution ou utilisation sans autorisation pr\u00e9alable est strictement interdite.<\/span><\/p>\n<p data-start=\"1001\" data-end=\"1106\"><strong data-start=\"1001\" data-end=\"1025\">Donn\u00e9es personnelles<\/strong><br data-start=\"1025\" data-end=\"1028\" \/><span class=\"relative -mx-px my-[-0.2rem] rounded px-px py-[0.2rem] transition-colors duration-100 ease-in-out\">Conform\u00e9ment au R\u00e8glement G\u00e9n\u00e9ral sur la Protection des Donn\u00e9es (RGPD), les utilisateurs disposent d\u2019un droit d\u2019acc\u00e8s, de rectification et de suppression de leurs donn\u00e9es personnelles. Pour exercer ces droits, veuillez contacter : [adresse e-mail \u00e0 compl\u00e9ter].<\/span><\/p>\n<p data-start=\"1108\" data-end=\"1207\"><strong data-start=\"1108\" data-end=\"1126\">Responsabilit\u00e9<\/strong><br data-start=\"1126\" data-end=\"1129\" \/><span class=\"relative -mx-px my-[-0.2rem] rounded px-px py-[0.2rem] transition-colors duration-100 ease-in-out\">SAV SMARTPHONE s\u2019efforce d\u2019assurer l\u2019exactitude des informations diffus\u00e9es sur ce site. Toutefois, la soci\u00e9t\u00e9 ne saurait \u00eatre tenue responsable des erreurs ou omissions \u00e9ventuelles.<\/span><\/p>\n<p>[\/vc_column_text][\/vc_column][\/vc_row]<\/p>\n<\/div>","protected":false},"excerpt":{"rendered":"<p>[vc_section section_type=&#8221;hero&#8221; hero_type=&#8221;1&#8243; parallax_image_attachment=&#8221;scroll&#8221; padding_class=&#8221;&#8221; css=&#8221;.vc_custom_1747922541232{background-color: #FFFFFF !important;border-color: #FFFFFF !important;}&#8221;][vc_row full_width=&#8221;stretch_row_content&#8221; bg_class=&#8221;bg-lightdark&#8221; parallax_image_attachment=&#8221;inherit&#8221; awb_type=&#8221;color&#8221; awb_stretch=&#8221;1&#8243; awb_color=&#8221;#FFFFFF&#8221; css=&#8221;.vc_custom_1747842120825{background-color: #FFFFFF !important;border-color: #FFFFFF !important;}&#8221;][vc_column css=&#8221;.vc_custom_1747842036406{background-color: #FFFFFF !important;border-color: #FFFFFF !important;}&#8221;][\/vc_column][\/vc_row][\/vc_section][vc_row][vc_column][vc_column_text css=&#8221;.vc_custom_1748010904080{padding-left: 200px !important;}&#8221;] \u00c9diteur du siteLe pr\u00e9sent site est \u00e9dit\u00e9 par la soci\u00e9t\u00e9 SAV&#8230;<\/p>\n","protected":false},"author":1,"featured_media":0,"parent":0,"menu_order":0,"comment_status":"closed","ping_status":"closed","template":"redux-templates_full_width","meta":{"footnotes":""},"class_list":["post-2308","page","type-page","status-publish","hentry","no-post-thumbnail"],"post_mailing_queue_ids":[],"_links":{"self":[{"href":"https:\/\/smartphone.applize.io\/index.php?rest_route=\/wp\/v2\/pages\/2308","targetHints":{"allow":["GET"]}}],"collection":[{"href":"https:\/\/smartphone.applize.io\/index.php?rest_route=\/wp\/v2\/pages"}],"about":[{"href":"https:\/\/smartphone.applize.io\/index.php?rest_route=\/wp\/v2\/types\/page"}],"author":[{"embeddable":true,"href":"https:\/\/smartphone.applize.io\/index.php?rest_route=\/wp\/v2\/users\/1"}],"replies":[{"embeddable":true,"href":"https:\/\/smartphone.applize.io\/index.php?rest_route=%2Fwp%2Fv2%2Fcomments&post=2308"}],"version-history":[{"count":5,"href":"https:\/\/smartphone.applize.io\/index.php?rest_route=\/wp\/v2\/pages\/2308\/revisions"}],"predecessor-version":[{"id":2332,"href":"https:\/\/smartphone.applize.io\/index.php?rest_route=\/wp\/v2\/pages\/2308\/revisions\/2332"}],"wp:attachment":[{"href":"https:\/\/smartphone.applize.io\/index.php?rest_route=%2Fwp%2Fv2%2Fmedia&parent=2308"}],"curies":[{"name":"wp","href":"https:\/\/api.w.org\/{rel}","templated":true}]}}