{"id":2162,"date":"2025-05-20T10:07:12","date_gmt":"2025-05-20T10:07:12","guid":{"rendered":"https:\/\/smartphone.applize.io\/?page_id=2162"},"modified":"2025-06-11T16:06:28","modified_gmt":"2025-06-11T16:06:28","slug":"accessoires","status":"publish","type":"page","link":"https:\/\/smartphone.applize.io\/?page_id=2162","title":{"rendered":"Accessoires"},"content":{"rendered":"<div class=\"wpb-content-wrapper\"><p>[vc_section bg_class=&#8221;bg-grey&#8221; parallax_image_attachment=&#8221;inherit&#8221; padding_top=&#8221;pt-0&#8243; padding_bottom=&#8221;pb-0&#8243; padding_class=&#8221;&#8221; margin_top=&#8221;mt-0&#8243; css=&#8221;.vc_custom_1749656145751{background-color: #FFFFFF !important;border-color: #FFFFFF !important;}&#8221;][vc_row full_width=&#8221;stretch_row_content&#8221; column_style=&#8221;no-spacing-column&#8221; parallax_image_attachment=&#8221;inherit&#8221; padding_top=&#8221;pt-0&#8243; padding_bottom=&#8221;pb-0&#8243; margin_top=&#8221;mt-0&#8243; css=&#8221;.vc_custom_1749656215638{background-color: #FFFFFF !important;border-color: #FFFFFF !important;}&#8221;][vc_column]\r\n        <div class=\"img-col-pleine  wow perch-fadeInUp fadeInUp text-center\" data-wow-delay=\"300ms\" data-wow-duration=\"1200ms\"> \r\n        <img decoding=\"async\" class=\"vc_single_image-img img-fluid\"  src=\"https:\/\/smartphone.applize.io\/wp-content\/uploads\/2025\/06\/SavSmartphone-P4S1s2.jpg\" alt=\"External image\" \/>\r\n        <\/div>[\/vc_column][\/vc_row][\/vc_section][vc_section section_type=&#8221;content&#8221; content_type=&#8221;2&#8243; bg_class=&#8221;bg-lightdark&#8221; parallax_image_attachment=&#8221;scroll&#8221; padding_class=&#8221;&#8221;][vc_row gap=&#8221;3&#8243; equal_height=&#8221;yes&#8221; row_class=&#8221;content-txt&#8221; parallax_image_attachment=&#8221;inherit&#8221; el_class=&#8221;reverse-on-mobile&#8221; css=&#8221;.vc_custom_1749422515498{margin-top: 5px !important;border-top-width: 5px !important;padding-top: 5px !important;}&#8221;][vc_column width=&#8221;1\/2&#8243;]\r\n        <div class=\"vc_custom_1749422488836  section-title  wow perch-fadeInLeftBig fadeInLeftBig text-left\" data-wow-delay=\"300ms\" data-wow-duration=\"1200ms\">\r\n            <h1 class=\"white-color h1-xs none\" style=\"font-size: 2rem;\">Prot\u00e9ger et Upgrader<\/h1>\r\n                     \r\n        <\/div>[vc_column_text css_animation=&#8221;fadeInLeftBig&#8221; css=&#8221;&#8221;]<\/p>\n<p data-pm-slice=\"1 1 []\"><span style=\"color: #ffffff;\">Prot\u00e9gez et \u00e9quipez votre smartphone avec notre large s\u00e9lection d\u2019accessoires.<\/span><\/p>\n<p><span style=\"color: #ffffff;\">Coques, verres tremp\u00e9s ultra-r\u00e9sistants pour une protection compl\u00e8te, charge : c\u00e2bles USB-C, Lightning, micro-USB , adaptateurs, stations d\u2019accueil et batteries externes.<\/span><\/p>\n<p><span style=\"color: #ffffff;\">Profitez de produits d\u2019origine ou de qualit\u00e9 \u00e9quivalente, compatibles avec toutes les grandes marques Apple, Samsung, Huawei, Xiaomi\u2026<\/span><\/p>\n<p><span style=\"color: #ffffff;\">Besoin de stockage ? D\u00e9couvrez nos cartes microSD, SD et disques durs externes rapides et fiables, parfaits pour vos appareils mobiles, ordinateurs ou appareils photo.<\/span>[\/vc_column_text][\/vc_column][vc_column width=&#8221;1\/2&#8243;]\r\n        <div class=\"img-col-pleine  wow perch-fadeInRightBig fadeInRightBig text-center\" data-wow-delay=\"300ms\" data-wow-duration=\"1200ms\"> \r\n        <img decoding=\"async\" class=\"vc_single_image-img img-fluid\"  src=\"https:\/\/smartphone.applize.io\/wp-content\/uploads\/2025\/05\/savsmartphone-08P4V1.jpg\" alt=\"External image\" \/>\r\n        <\/div>[\/vc_column][\/vc_row][vc_row full_width=&#8221;stretch_row_content&#8221; column_style=&#8221;no-spacing-column&#8221; row_class=&#8221;content-txt&#8221; parallax_image_attachment=&#8221;inherit&#8221; css=&#8221;.vc_custom_1748693517813{margin-top: 25px !important;border-top-width: 25px !important;padding-top: 25px !important;}&#8221;][vc_column parallax=&#8221;content-moving-fade&#8221; css_animation=&#8221;fadeIn&#8221; awb_type=&#8221;image&#8221; awb_image_background_position=&#8221;50%50%&#8221; awb_parallax=&#8221;scroll-opacity&#8221; awb_parallax_speed=&#8221;0.5&#8243; awb_image=&#8221;3747&#8243;][vc_empty_space height=&#8221;100px&#8221;][vc_single_image custom_src=&#8221;https:\/\/smartphone.applize.io\/wp-content\/uploads\/2025\/06\/Parallaxe-Visuel-accessoires.png&#8221; alignment=&#8221;center&#8221; css=&#8221;&#8221;][vc_empty_space height=&#8221;100px&#8221;][\/vc_column][\/vc_row][vc_row gap=&#8221;3&#8243; equal_height=&#8221;yes&#8221; row_class=&#8221;content-txt&#8221; parallax_image_attachment=&#8221;inherit&#8221; el_class=&#8221;reverse-on-mobile&#8221; css=&#8221;.vc_custom_1749422589552{margin-top: 5px !important;border-top-width: 5px !important;padding-top: 5px !important;}&#8221;][vc_column width=&#8221;1\/2&#8243;]\r\n        <div class=\"vc_custom_1749422687889  section-title  wow perch-fadeInLeftBig fadeInLeftBig text-left\" data-wow-delay=\"300ms\" data-wow-duration=\"1200ms\">\r\n            <h1 class=\"white-color h1-xs none\" style=\"font-size: 2rem;\">Ecouter et contr\u00f4ler<\/h1>\r\n                     \r\n        <\/div>[vc_column_text css_animation=&#8221;fadeInLeftBig&#8221; css=&#8221;&#8221;]<span style=\"color: #ffffff;\">D\u00e9couvrez notre s\u00e9lection d\u2019\u00e9couteurs, casques audio et montres connect\u00e9es adapt\u00e9s \u00e0 tous les besoins et budgets.\u00a0<\/span><\/p>\n<p><span style=\"color: #ffffff;\">Pour la musique, les appels, le sport ou le gaming, nous proposons des \u00e9couteurs et casques filaires ou sans fil de grandes marques JBL, Sony, Apple, Samsung, Huawei , offrant un son de qualit\u00e9,des basses puissantes et des options comme la r\u00e9duction de bruit ou les commandes tactiles.<\/span><\/p>\n<p><span style=\"color: #ffffff;\">Compl\u00e9tez votre \u00e9quipement avec une montre connect\u00e9e, id\u00e9ale pour suivre votre sant\u00e9, votre activit\u00e9 ou rester productif. Du mod\u00e8le simple au plus avanc\u00e9, nos montres Apple, Samsung, Garmin, Xiaomi et bien d\u2019autres, alliant design, autonomie et fonctionnalit\u00e9s.<\/span><\/p>\n<p><span style=\"color: #ffffff;\"><span style=\"vertical-align: inherit;\"><span style=\"vertical-align: inherit;\">Trouvez le produit parfait pour votre style de vie, sans compromis.<\/span><\/span><\/span><span style=\"vertical-align: inherit;\"><span style=\"vertical-align: inherit;\">[\/vc_column_text][\/vc_column][vc_column width=&#8221;1\/2&#8243;]\r\n        <div class=\"img-col-pleine  wow perch-fadeInRightBig fadeInRightBig text-center\" data-wow-delay=\"300ms\" data-wow-duration=\"1200ms\"> \r\n        <img decoding=\"async\" class=\"vc_single_image-img img-fluid\"  src=\"https:\/\/smartphone.applize.io\/wp-content\/uploads\/2025\/05\/savsmartphone-08P4V2.jpg\" alt=\"External image\" \/>\r\n        <\/div>[\/vc_column][\/vc_row][vc_row gap=&#8221;30&#8243; equal_height=&#8221;yes&#8221; row_class=&#8221;content-txt&#8221; parallax_image_attachment=&#8221;inherit&#8221; padding_top=&#8221;pt-25&#8243; padding_bottom=&#8221;pb-25&#8243; margin_top=&#8221;mt-25&#8243; margin_bottom=&#8221;mb-25&#8243; el_class=&#8221;reverse-on-mobile&#8221; css=&#8221;.vc_custom_1748696617648{margin-top: 50px !important;margin-bottom: 50px !important;}&#8221;][vc_column width=&#8221;1\/2&#8243;]<div class=\"wow perch-fadeInLeftBig fadeInLeftBig text-center sbox-2\" data-wow-delay=\"300ms\" data-wow-duration=\"1200ms\">       \r\n        <span class=\"icon-md\">\r\n                    <span class=\"flaticon-121-shield icon-sm white-color\"><\/span>\r\n                 <\/span><!-- Icon  -->\r\n            <div class=\"sbox-2-txt\">\r\n            <h5 class=\"white-color h5-sm none\">Accessoires<\/h5><!-- Title -->                                   \r\n            <p class=\"white-color none\">D\u00e9couvrez notre gamme de protections, c\u00e2bles, batteries...<\/p><!-- Text -->\r\n            \r\n            <\/div>  \r\n    <\/div>[\/vc_column][vc_column width=&#8221;1\/2&#8243;]<div class=\"wow perch-fadeInRightBig fadeInRightBig text-center sbox-2\" data-wow-delay=\"300ms\" data-wow-duration=\"1200ms\">       \r\n        <span class=\"icon-md\">\r\n                    <span class=\"flaticon-270-headphones-2 icon-sm grey-color\"><\/span>\r\n                 <\/span><!-- Icon  -->\r\n            <div class=\"sbox-2-txt\">\r\n            <h5 class=\"white-color h5-sm none\">Casques et montres<\/h5><!-- Title -->                                   \r\n            <p class=\"white-color none\">D\u00e9couvrez notre gamme de casques et de montres connect\u00e9es<\/p><!-- Text -->\r\n            \r\n            <\/div>  \r\n    <\/div>[\/vc_column][\/vc_row][\/vc_section][vc_row][vc_column][vc_column_text]<\/span><\/span>[\/vc_column_text][\/vc_column][\/vc_row]<\/p>\n<\/div>","protected":false},"excerpt":{"rendered":"<p>[vc_section bg_class=&#8221;bg-grey&#8221; parallax_image_attachment=&#8221;inherit&#8221; padding_top=&#8221;pt-0&#8243; padding_bottom=&#8221;pb-0&#8243; padding_class=&#8221;&#8221; margin_top=&#8221;mt-0&#8243; css=&#8221;.vc_custom_1749656145751{background-color: #FFFFFF !important;border-color: #FFFFFF !important;}&#8221;][vc_row full_width=&#8221;stretch_row_content&#8221; column_style=&#8221;no-spacing-column&#8221; parallax_image_attachment=&#8221;inherit&#8221; padding_top=&#8221;pt-0&#8243; padding_bottom=&#8221;pb-0&#8243; margin_top=&#8221;mt-0&#8243; css=&#8221;.vc_custom_1749656215638{background-color: #FFFFFF !important;border-color: #FFFFFF !important;}&#8221;][vc_column][\/vc_column][\/vc_row][\/vc_section][vc_section section_type=&#8221;content&#8221; content_type=&#8221;2&#8243; bg_class=&#8221;bg-lightdark&#8221; parallax_image_attachment=&#8221;scroll&#8221; padding_class=&#8221;&#8221;][vc_row gap=&#8221;3&#8243; equal_height=&#8221;yes&#8221; row_class=&#8221;content-txt&#8221; parallax_image_attachment=&#8221;inherit&#8221; el_class=&#8221;reverse-on-mobile&#8221; css=&#8221;.vc_custom_1749422515498{margin-top: 5px !important;border-top-width: 5px !important;padding-top: 5px !important;}&#8221;][vc_column&#8230;<\/p>\n","protected":false},"author":1,"featured_media":0,"parent":0,"menu_order":0,"comment_status":"closed","ping_status":"closed","template":"redux-templates_full_width","meta":{"footnotes":""},"class_list":["post-2162","page","type-page","status-publish","hentry","no-post-thumbnail"],"post_mailing_queue_ids":[],"_links":{"self":[{"href":"https:\/\/smartphone.applize.io\/index.php?rest_route=\/wp\/v2\/pages\/2162","targetHints":{"allow":["GET"]}}],"collection":[{"href":"https:\/\/smartphone.applize.io\/index.php?rest_route=\/wp\/v2\/pages"}],"about":[{"href":"https:\/\/smartphone.applize.io\/index.php?rest_route=\/wp\/v2\/types\/page"}],"author":[{"embeddable":true,"href":"https:\/\/smartphone.applize.io\/index.php?rest_route=\/wp\/v2\/users\/1"}],"replies":[{"embeddable":true,"href":"https:\/\/smartphone.applize.io\/index.php?rest_route=%2Fwp%2Fv2%2Fcomments&post=2162"}],"version-history":[{"count":5,"href":"https:\/\/smartphone.applize.io\/index.php?rest_route=\/wp\/v2\/pages\/2162\/revisions"}],"predecessor-version":[{"id":3997,"href":"https:\/\/smartphone.applize.io\/index.php?rest_route=\/wp\/v2\/pages\/2162\/revisions\/3997"}],"wp:attachment":[{"href":"https:\/\/smartphone.applize.io\/index.php?rest_route=%2Fwp%2Fv2%2Fmedia&parent=2162"}],"curies":[{"name":"wp","href":"https:\/\/api.w.org\/{rel}","templated":true}]}}