{"id":2139,"date":"2025-05-19T09:44:07","date_gmt":"2025-05-19T09:44:07","guid":{"rendered":"https:\/\/smartphone.applize.io\/?page_id=2139"},"modified":"2025-06-11T22:50:38","modified_gmt":"2025-06-11T22:50:38","slug":"vente-achat-xav","status":"publish","type":"page","link":"https:\/\/smartphone.applize.io\/?page_id=2139","title":{"rendered":"T\u00e9l\u00e9phonie"},"content":{"rendered":"<div class=\"wpb-content-wrapper\"><p>[vc_section bg_class=&#8221;bg-tra&#8221; parallax_image_attachment=&#8221;scroll&#8221; padding_top=&#8221;pt-0&#8243; padding_bottom=&#8221;pb-0&#8243; padding_class=&#8221;&#8221; margin_top=&#8221;mt-0&#8243; css=&#8221;.vc_custom_1749656892204{background-color: #35363A !important;}&#8221;][vc_row full_width=&#8221;stretch_row_content&#8221; column_style=&#8221;no-spacing-column&#8221; parallax_image_attachment=&#8221;inherit&#8221; padding_top=&#8221;pt-0&#8243; padding_bottom=&#8221;pb-0&#8243; margin_top=&#8221;mt-0&#8243; css=&#8221;.vc_custom_1749654631689{background-color: #FFFFFF !important;border-color: #FFFFFF !important;}&#8221;][vc_column][vc_single_image custom_src=&#8221;https:\/\/smartphone.applize.io\/wp-content\/uploads\/2025\/06\/SavSmartphone-P2S1s3.jpg&#8221; alignment=&#8221;center&#8221; css=&#8221;&#8221;][\/vc_column][\/vc_row][vc_row gap=&#8221;3&#8243; parallax_image_attachment=&#8221;inherit&#8221; css=&#8221;.vc_custom_1749405849623{margin-top: 5px !important;border-top-width: 5px !important;padding-top: 5px !important;}&#8221; el_class=&#8221;reverse-on-mobile&#8221;][vc_column width=&#8221;1\/2&#8243;]\r\n        <div class=\"vc_custom_1749406185420  section-title  wow perch-fadeInLeftBig fadeInLeftBig text-left\" data-wow-delay=\"300ms\" data-wow-duration=\"1200ms\">\r\n            <h1 class=\"white-color h1-xs none\" style=\"font-size: 2rem;\">T\u00e9l\u00e9phones neufs<\/h1>\r\n                     \r\n        <\/div>[vc_column_text css_animation=&#8221;fadeInLeftBig&#8221; css=&#8221;&#8221;]<\/p>\n<p style=\"text-align: left;\"><span style=\"color: #ffffff;\">Notre boutique propose une large s\u00e9lection de t\u00e9l\u00e9phones neufs des plus grandes marques : Apple, Samsung, Xiaomi et bien d&#8217;autres.<\/span><br \/>\n<span style=\"color: #ffffff;\">Nos appareils b\u00e9n\u00e9ficient des garanti elles des constructeurs,pour un achat en toute confiance. Notre \u00e9quipes de conseillers vous accompagne dans le choix du t\u00e9l\u00e9phone le plus adapt\u00e9 \u00e0 vos besoins, que vous cherchiez z performance, autonomie ou simplicit\u00e9.<\/span>[\/vc_column_text][\/vc_column][vc_column width=&#8221;1\/2&#8243; offset=&#8221;vc_col-lg-6 vc_col-md-6 vc_col-xs-12&#8243;]\r\n        <div class=\"img-col-pleine  wow perch-fadeInRightBig fadeInRightBig text-center\" data-wow-delay=\"300ms\" data-wow-duration=\"1200ms\"> \r\n        <img decoding=\"async\" class=\"vc_single_image-img img-fluid\"  src=\"https:\/\/smartphone.applize.io\/wp-content\/uploads\/2025\/05\/savsmartphone-08P2V1.jpg\" alt=\"External image\" \/>\r\n        <\/div>[\/vc_column][\/vc_row][vc_row gap=&#8221;3&#8243; parallax_image_attachment=&#8221;inherit&#8221; el_class=&#8221;reverse-on-mobile&#8221; css=&#8221;.vc_custom_1749406348102{margin-top: 5px !important;border-top-width: 5px !important;padding-top: 5px !important;}&#8221;][vc_column width=&#8221;1\/2&#8243;]\r\n        <div class=\"vc_custom_1749406214433  section-title  wow perch-fadeInLeftBig fadeInLeftBig text-left\" data-wow-delay=\"300ms\" data-wow-duration=\"1200ms\">\r\n            <h1 class=\"white-color h1-xs none\" style=\"font-size: 2rem;\">Occasions garanties<\/h1>\r\n                     \r\n        <\/div>[vc_column_text css_animation=&#8221;fadeInLeftBig&#8221; css=&#8221;&#8221;]<\/p>\n<p style=\"text-align: left;\"><span style=\"color: #ffffff;\"><span style=\"vertical-align: inherit;\"><span style=\"vertical-align: inherit;\"><span style=\"vertical-align: inherit;\"><span style=\"vertical-align: inherit;\"><span style=\"vertical-align: inherit;\"><span style=\"vertical-align: inherit;\">Faites des \u00e9conomies en optant pour un smartphone d&#8217;occasion ou reconditionn\u00e9, contr\u00f4l\u00e9 et test\u00e9 par nos techniciens. <\/span><\/span><\/span><\/span><\/span><\/span><\/span><br \/>\n<span style=\"color: #ffffff;\"><span style=\"vertical-align: inherit;\"><span style=\"vertical-align: inherit;\"><span style=\"vertical-align: inherit;\"><span style=\"vertical-align: inherit;\"><span style=\"vertical-align: inherit;\"><span style=\"vertical-align: inherit;\">Chaque appareil est v\u00e9rifi\u00e9 pour garantir performances et fiabilit\u00e9. <\/span><\/span><\/span><\/span><\/span><\/span><\/span><br \/>\n<span style=\"color: #ffffff;\"><span style=\"vertical-align: inherit;\"><span style=\"vertical-align: inherit;\"><span style=\"vertical-align: inherit;\"><span style=\"vertical-align: inherit;\"><span style=\"vertical-align: inherit;\"><span style=\"vertical-align: inherit;\">Un excellent moyen de profiter de la technologie \u00e0 moindre co\u00fbt avec garantie incluse.<\/span><\/span><\/span><\/span><\/span><\/span><\/span>[\/vc_column_text][\/vc_column][vc_column width=&#8221;1\/2&#8243; offset=&#8221;vc_col-lg-6 vc_col-md-6 vc_col-xs-12&#8243;]\r\n        <div class=\"img-col-pleine  wow perch-fadeInRightBig fadeInRightBig text-center\" data-wow-delay=\"300ms\" data-wow-duration=\"1200ms\"> \r\n        <img decoding=\"async\" class=\"vc_single_image-img img-fluid\"  src=\"https:\/\/smartphone.applize.io\/wp-content\/uploads\/2025\/05\/savsmartphone-08P2V2.jpg\" alt=\"External image\" \/>\r\n        <\/div>[\/vc_column][\/vc_row][vc_row full_width=&#8221;stretch_row_content&#8221; row_class=&#8221;content-txt&#8221; parallax_image_attachment=&#8221;inherit&#8221; padding_top=&#8221;pt-25&#8243; padding_bottom=&#8221;pb-25&#8243; margin_top=&#8221;mt-25&#8243; margin_bottom=&#8221;mb-25&#8243; min_height=&#8221;600&#8243;][vc_column css_animation=&#8221;none&#8221; awb_type=&#8221;image&#8221; awb_image_background_position=&#8221;50%50%&#8221; awb_parallax=&#8221;scroll-opacity&#8221; awb_parallax_speed=&#8221;0.5&#8243; awb_image=&#8221;2237&#8243;][vc_empty_space height=&#8221;100px&#8221;][vc_single_image custom_src=&#8221;https:\/\/smartphone.applize.io\/wp-content\/uploads\/2025\/05\/Parallaxe-Visuel-Galaxy.png&#8221; alignment=&#8221;center&#8221; css=&#8221;&#8221;][vc_empty_space height=&#8221;100px&#8221;][\/vc_column][\/vc_row][vc_row gap=&#8221;3&#8243; row_class=&#8221;content-txt&#8221; parallax_image_attachment=&#8221;inherit&#8221; el_class=&#8221;reverse-on-mobile&#8221;][vc_column width=&#8221;1\/2&#8243;]\r\n        <div class=\"vc_custom_1749682235640  section-title  wow perch-fadeInLeftBig fadeInLeftBig text-left\" data-wow-delay=\"300ms\" data-wow-duration=\"1200ms\">\r\n            <h1 class=\"white-color h1-xs none\" style=\"font-size: 2rem;\">Vendez vos appareils<\/h1>\r\n                     \r\n        <\/div>[vc_column_text css_animation=&#8221;fadeInLeftBig&#8221; css=&#8221;&#8221;]<\/p>\n<p style=\"text-align: left;\"><span style=\"color: #ffffff;\">Vous avez un ancien t\u00e9l\u00e9phone, une tablette ou un ordinateur en bon \u00e9tat ou \u00e0 reconditionner ? <\/span><br \/>\n<span style=\"color: #ffffff;\">Nous les rachetons ! Profitez d\u2019une estimation rapide et d\u2019une reprise avantageuse, m\u00eame pour des mod\u00e8les pr\u00e9sentant quelques d\u00e9fauts.\u00a0<\/span><br \/>\n<span style=\"color: #ffffff;\">Offrez une seconde vie \u00e0 vos appareils tout en gagnant de l&#8217;argent.<\/span>[\/vc_column_text][\/vc_column][vc_column width=&#8221;1\/2&#8243; offset=&#8221;vc_col-lg-6 vc_col-md-6 vc_col-xs-12&#8243;]\r\n        <div class=\"img-col-pleine  wow perch-fadeInRightBig fadeInRightBig text-center\" data-wow-delay=\"300ms\" data-wow-duration=\"1200ms\"> \r\n        <img decoding=\"async\" class=\"vc_single_image-img img-fluid\"  src=\"https:\/\/smartphone.applize.io\/wp-content\/uploads\/2025\/05\/savsmartphone-08P2V3.jpg\" alt=\"External image\" \/>\r\n        <\/div>[\/vc_column][\/vc_row][vc_row row_class=&#8221;content-txt&#8221; parallax_image_attachment=&#8221;inherit&#8221; el_class=&#8221;reverse-on-mobile&#8221; css=&#8221;.vc_custom_1749406715782{margin-top: 10px !important;border-top-width: 10px !important;padding-top: 10px !important;}&#8221;][vc_column width=&#8221;1\/3&#8243;]<div class=\"wow perch-fadeInLeftBig fadeInLeftBig text-center sbox-2\" data-wow-delay=\"300ms\" data-wow-duration=\"1200ms\">       \r\n        <span class=\"icon-md\">\r\n                    <span class=\"flaticon-289-gift icon-sm white-color\"><\/span>\r\n                 <\/span><!-- Icon  -->\r\n            <div class=\"sbox-2-txt\">\r\n            <h5 class=\"white-color h5-sm none\">Neuf<\/h5><!-- Title -->                                   \r\n            <p class=\"white-color none\">D\u00e9couvrez nos derniers mod\u00e8les<\/p><!-- Text -->\r\n            \r\n            <\/div>  \r\n    <\/div>[\/vc_column][vc_column width=&#8221;1\/3&#8243;]<div class=\"wow perch-fadeInUpBig fadeInUpBig text-center sbox-2\" data-wow-delay=\"300ms\" data-wow-duration=\"1200ms\">       \r\n        <span class=\"icon-md\">\r\n                    <span class=\"flaticon-062-tablet icon-sm grey-color\"><\/span>\r\n                 <\/span><!-- Icon  -->\r\n            <div class=\"sbox-2-txt\">\r\n            <h5 class=\"white-color h5-sm none\">Occasion<\/h5><!-- Title -->                                   \r\n            <p class=\"white-color none\">Laissez vous tenter par une bonne affaire.<\/p><!-- Text -->\r\n            \r\n            <\/div>  \r\n    <\/div>[\/vc_column][vc_column width=&#8221;1\/3&#8243;]<div class=\"wow perch-fadeInRightBig fadeInRightBig text-center sbox-2\" data-wow-delay=\"300ms\" data-wow-duration=\"1200ms\">       \r\n        <span class=\"icon-md\">\r\n                    <span class=\"flaticon-181-dollar-3 icon-sm grey-color\"><\/span>\r\n                 <\/span><!-- Icon  -->\r\n            <div class=\"sbox-2-txt\">\r\n            <h5 class=\"white-color h5-sm none\">Reprise<\/h5><!-- Title -->                                   \r\n            <p class=\"white-color none\">Revendez ou \u00e9changez votre t\u00e9l\u00e9phone.<\/p><!-- Text -->\r\n            \r\n            <\/div>  \r\n    <\/div>[\/vc_column][\/vc_row][\/vc_section]<\/p>\n<\/div>","protected":false},"excerpt":{"rendered":"<p>[vc_section bg_class=&#8221;bg-tra&#8221; parallax_image_attachment=&#8221;scroll&#8221; padding_top=&#8221;pt-0&#8243; padding_bottom=&#8221;pb-0&#8243; padding_class=&#8221;&#8221; margin_top=&#8221;mt-0&#8243; css=&#8221;.vc_custom_1749656892204{background-color: #35363A !important;}&#8221;][vc_row full_width=&#8221;stretch_row_content&#8221; column_style=&#8221;no-spacing-column&#8221; parallax_image_attachment=&#8221;inherit&#8221; padding_top=&#8221;pt-0&#8243; padding_bottom=&#8221;pb-0&#8243; margin_top=&#8221;mt-0&#8243; css=&#8221;.vc_custom_1749654631689{background-color: #FFFFFF !important;border-color: #FFFFFF !important;}&#8221;][vc_column][vc_single_image custom_src=&#8221;https:\/\/smartphone.applize.io\/wp-content\/uploads\/2025\/06\/SavSmartphone-P2S1s3.jpg&#8221; alignment=&#8221;center&#8221; css=&#8221;&#8221;][\/vc_column][\/vc_row][vc_row gap=&#8221;3&#8243; parallax_image_attachment=&#8221;inherit&#8221; css=&#8221;.vc_custom_1749405849623{margin-top: 5px !important;border-top-width: 5px !important;padding-top: 5px !important;}&#8221; el_class=&#8221;reverse-on-mobile&#8221;][vc_column width=&#8221;1\/2&#8243;][vc_column_text css_animation=&#8221;fadeInLeftBig&#8221; css=&#8221;&#8221;] Notre boutique propose&#8230;<\/p>\n","protected":false},"author":1,"featured_media":0,"parent":0,"menu_order":0,"comment_status":"closed","ping_status":"closed","template":"redux-templates_full_width","meta":{"footnotes":""},"class_list":["post-2139","page","type-page","status-publish","hentry","no-post-thumbnail"],"post_mailing_queue_ids":[],"_links":{"self":[{"href":"https:\/\/smartphone.applize.io\/index.php?rest_route=\/wp\/v2\/pages\/2139","targetHints":{"allow":["GET"]}}],"collection":[{"href":"https:\/\/smartphone.applize.io\/index.php?rest_route=\/wp\/v2\/pages"}],"about":[{"href":"https:\/\/smartphone.applize.io\/index.php?rest_route=\/wp\/v2\/types\/page"}],"author":[{"embeddable":true,"href":"https:\/\/smartphone.applize.io\/index.php?rest_route=\/wp\/v2\/users\/1"}],"replies":[{"embeddable":true,"href":"https:\/\/smartphone.applize.io\/index.php?rest_route=%2Fwp%2Fv2%2Fcomments&post=2139"}],"version-history":[{"count":6,"href":"https:\/\/smartphone.applize.io\/index.php?rest_route=\/wp\/v2\/pages\/2139\/revisions"}],"predecessor-version":[{"id":4041,"href":"https:\/\/smartphone.applize.io\/index.php?rest_route=\/wp\/v2\/pages\/2139\/revisions\/4041"}],"wp:attachment":[{"href":"https:\/\/smartphone.applize.io\/index.php?rest_route=%2Fwp%2Fv2%2Fmedia&parent=2139"}],"curies":[{"name":"wp","href":"https:\/\/api.w.org\/{rel}","templated":true}]}}